{"id":1206,"date":"2025-03-14T14:20:45","date_gmt":"2025-03-14T14:20:45","guid":{"rendered":"https:\/\/www.nordwallinstrument.com\/?page_id=1206"},"modified":"2025-04-13T16:36:18","modified_gmt":"2025-04-13T16:36:18","slug":"om","status":"publish","type":"page","link":"https:\/\/www.nordwallinstrument.com\/en\/om\/","title":{"rendered":"About"},"content":{"rendered":"<div data-elementor-type=\"wp-page\" data-elementor-id=\"1206\" class=\"elementor elementor-1206\">\n\t\t\t\t<div class=\"elementor-element elementor-element-851de30 e-flex e-con-boxed e-con e-parent\" data-id=\"851de30\" data-element_type=\"container\">\n\t\t\t\t\t<div class=\"e-con-inner\">\n\t\t<div class=\"elementor-element elementor-element-a31d4ed e-con-full e-flex e-con e-child\" data-id=\"a31d4ed\" data-element_type=\"container\">\n\t\t\t\t<div class=\"elementor-element elementor-element-a921b91 elementor-widget elementor-widget-image\" data-id=\"a921b91\" data-element_type=\"widget\" data-widget_type=\"image.default\">\n\t\t\t\t<div class=\"elementor-widget-container\">\n\t\t\t\t\t\t\t\t\t\t\t\t\t\t\t<img fetchpriority=\"high\" decoding=\"async\" width=\"887\" height=\"1024\" src=\"https:\/\/www.nordwallinstrument.com\/wp-content\/uploads\/2025\/03\/mats-bild-887x1024.jpg\" class=\"attachment-large size-large wp-image-1477\" alt=\"\" srcset=\"https:\/\/www.nordwallinstrument.com\/wp-content\/uploads\/2025\/03\/mats-bild-887x1024.jpg 887w, https:\/\/www.nordwallinstrument.com\/wp-content\/uploads\/2025\/03\/mats-bild-260x300.jpg 260w, https:\/\/www.nordwallinstrument.com\/wp-content\/uploads\/2025\/03\/mats-bild-768x886.jpg 768w, https:\/\/www.nordwallinstrument.com\/wp-content\/uploads\/2025\/03\/mats-bild-1331x1536.jpg 1331w, https:\/\/www.nordwallinstrument.com\/wp-content\/uploads\/2025\/03\/mats-bild-10x12.jpg 10w, https:\/\/www.nordwallinstrument.com\/wp-content\/uploads\/2025\/03\/mats-bild.jpg 1416w\" sizes=\"(max-width: 887px) 100vw, 887px\" \/>\t\t\t\t\t\t\t\t\t\t\t\t\t\t\t<\/div>\n\t\t\t\t<\/div>\n\t\t\t\t<\/div>\n\t\t<div class=\"elementor-element elementor-element-e7d4b78 e-con-full e-flex e-con e-child\" data-id=\"e7d4b78\" data-element_type=\"container\">\n\t\t\t\t<div class=\"elementor-element elementor-element-9f24986 elementor-widget elementor-widget-text-editor\" data-id=\"9f24986\" data-element_type=\"widget\" data-widget_type=\"text-editor.default\">\n\t\t\t\t<div class=\"elementor-widget-container\">\n\t\t\t\t\t\t\t\t\t<p><strong>Nordwall Instrument<\/strong><\/p><p>-instruments made by Mats Nordwall<\/p><p>Mats Nordwall has focused on building steel-string guitars as well as folk instruments such as mandolins, mandolins and citterns.<\/p><p>Inspired by Irish and Swedish folk music, he tries to build his instruments so that they are particularly well suited to this type of music. The instruments should be easy to drive and clear, but still with a clear core in the tone, and maintain the highest level in both appearance and playing technique. All to fulfill the high demands that the individual musician has on his instruments.<\/p><p>Mats Nordwall received both a journeyman's certificate and a bachelor's degree in guitar building in 2006 after 3 years of training at Carl Malmstensskolan in Stockholm. As of the summer of 2013, he can also proudly call himself a master in the guitar building profession.<\/p><p>After completing his education, he worked full-time repairing and building instruments. In the summer of 2012, his new fine instrument-building workshop was completed on the beautiful island of Ingmars\u00f6 in the Stockholm archipelago, and there he builds all his own instruments.<\/p><p>With 20 years in the business, approximately 10,000 repairs performed and over 200 built instruments, Mats Nordwall is one of Sweden's most established guitarmakers.<\/p>\t\t\t\t\t\t\t\t<\/div>\n\t\t\t\t<\/div>\n\t\t\t\t<\/div>\n\t\t\t\t\t<\/div>\n\t\t\t\t<\/div>\n\t\t<div class=\"elementor-element elementor-element-c205734 e-flex e-con-boxed e-con e-parent\" data-id=\"c205734\" data-element_type=\"container\">\n\t\t\t\t\t<div class=\"e-con-inner\">\n\t\t\t\t\t<\/div>\n\t\t\t\t<\/div>\n\t\t<div class=\"elementor-element elementor-element-8a56def e-flex e-con-boxed e-con e-parent\" data-id=\"8a56def\" data-element_type=\"container\">\n\t\t\t\t\t<div class=\"e-con-inner\">\n\t\t\t\t\t<\/div>\n\t\t\t\t<\/div>\n\t\t\t\t<\/div>","protected":false},"excerpt":{"rendered":"<p>Nordwall Instrument -instrument byggda av Mats Nordwall Mats Nordwall har inriktat sig p\u00e5 att bygga st\u00e5lstr\u00e4ngade gitarrer samt folkmusikinstrument s\u00e5som mandoliner, mandolor och citterns. Inspirerad av irl\u00e4ndsk och svensk folkmusik, s\u00e5 f\u00f6rs\u00f6ker han bygga sina instrument s\u00e5 att dom passar speciellt bra f\u00f6r denna typ av musik. Instrumenten skall vara l\u00e4ttdrivna och klara men \u00e4nd\u00e5 [&hellip;]<\/p>","protected":false},"author":1,"featured_media":0,"parent":0,"menu_order":0,"comment_status":"closed","ping_status":"closed","template":"","meta":{"site-sidebar-layout":"no-sidebar","site-content-layout":"page-builder","ast-site-content-layout":"full-width-container","site-content-style":"default","site-sidebar-style":"default","ast-global-header-display":"","ast-banner-title-visibility":"","ast-main-header-display":"","ast-hfb-above-header-display":"","ast-hfb-below-header-display":"","ast-hfb-mobile-header-display":"","site-post-title":"disabled","ast-breadcrumbs-content":"","ast-featured-img":"disabled","footer-sml-layout":"","theme-transparent-header-meta":"","adv-header-id-meta":"","stick-header-meta":"","header-above-stick-meta":"","header-main-stick-meta":"","header-below-stick-meta":"","astra-migrate-meta-layouts":"set","ast-page-background-enabled":"default","ast-page-background-meta":{"desktop":{"background-color":"","background-image":"","background-repeat":"repeat","background-position":"center center","background-size":"auto","background-attachment":"scroll","background-type":"","background-media":"","overlay-type":"","overlay-color":"","overlay-opacity":"","overlay-gradient":""},"tablet":{"background-color":"","background-image":"","background-repeat":"repeat","background-position":"center center","background-size":"auto","background-attachment":"scroll","background-type":"","background-media":"","overlay-type":"","overlay-color":"","overlay-opacity":"","overlay-gradient":""},"mobile":{"background-color":"","background-image":"","background-repeat":"repeat","background-position":"center center","background-size":"auto","background-attachment":"scroll","background-type":"","background-media":"","overlay-type":"","overlay-color":"","overlay-opacity":"","overlay-gradient":""}},"ast-content-background-meta":{"desktop":{"background-color":"var(--ast-global-color-5)","background-image":"","background-repeat":"repeat","background-position":"center center","background-size":"auto","background-attachment":"scroll","background-type":"","background-media":"","overlay-type":"","overlay-color":"","overlay-opacity":"","overlay-gradient":""},"tablet":{"background-color":"var(--ast-global-color-5)","background-image":"","background-repeat":"repeat","background-position":"center center","background-size":"auto","background-attachment":"scroll","background-type":"","background-media":"","overlay-type":"","overlay-color":"","overlay-opacity":"","overlay-gradient":""},"mobile":{"background-color":"var(--ast-global-color-5)","background-image":"","background-repeat":"repeat","background-position":"center center","background-size":"auto","background-attachment":"scroll","background-type":"","background-media":"","overlay-type":"","overlay-color":"","overlay-opacity":"","overlay-gradient":""}},"footnotes":""},"class_list":["post-1206","page","type-page","status-publish","hentry"],"_links":{"self":[{"href":"https:\/\/www.nordwallinstrument.com\/en\/wp-json\/wp\/v2\/pages\/1206","targetHints":{"allow":["GET"]}}],"collection":[{"href":"https:\/\/www.nordwallinstrument.com\/en\/wp-json\/wp\/v2\/pages"}],"about":[{"href":"https:\/\/www.nordwallinstrument.com\/en\/wp-json\/wp\/v2\/types\/page"}],"author":[{"embeddable":true,"href":"https:\/\/www.nordwallinstrument.com\/en\/wp-json\/wp\/v2\/users\/1"}],"replies":[{"embeddable":true,"href":"https:\/\/www.nordwallinstrument.com\/en\/wp-json\/wp\/v2\/comments?post=1206"}],"version-history":[{"count":26,"href":"https:\/\/www.nordwallinstrument.com\/en\/wp-json\/wp\/v2\/pages\/1206\/revisions"}],"predecessor-version":[{"id":2536,"href":"https:\/\/www.nordwallinstrument.com\/en\/wp-json\/wp\/v2\/pages\/1206\/revisions\/2536"}],"wp:attachment":[{"href":"https:\/\/www.nordwallinstrument.com\/en\/wp-json\/wp\/v2\/media?parent=1206"}],"curies":[{"name":"wp","href":"https:\/\/api.w.org\/{rel}","templated":true}]}}