{"id":1544,"date":"2025-03-21T11:28:28","date_gmt":"2025-03-21T11:28:28","guid":{"rendered":"https:\/\/www.nordwallinstrument.com\/?page_id=1544"},"modified":"2025-04-26T07:45:07","modified_gmt":"2025-04-26T07:45:07","slug":"local-wood-serien","status":"publish","type":"page","link":"https:\/\/www.nordwallinstrument.com\/en\/local-wood-serien\/","title":{"rendered":"Local Wood serie"},"content":{"rendered":"<div data-elementor-type=\"wp-page\" data-elementor-id=\"1544\" class=\"elementor elementor-1544\">\n\t\t\t\t<div class=\"elementor-element elementor-element-5ec344d0 e-flex e-con-boxed e-con e-parent\" data-id=\"5ec344d0\" data-element_type=\"container\">\n\t\t\t\t\t<div class=\"e-con-inner\">\n\t\t\t\t<div class=\"elementor-element elementor-element-229230c0 elementor-widget elementor-widget-heading\" data-id=\"229230c0\" data-element_type=\"widget\" data-widget_type=\"heading.default\">\n\t\t\t\t<div class=\"elementor-widget-container\">\n\t\t\t\t\t<h2 class=\"elementor-heading-title elementor-size-default\">Local Wood Serie\n<\/h2>\t\t\t\t<\/div>\n\t\t\t\t<\/div>\n\t\t\t\t\t<\/div>\n\t\t\t\t<\/div>\n\t\t<div class=\"elementor-element elementor-element-32bfd711 e-flex e-con-boxed e-con e-parent\" data-id=\"32bfd711\" data-element_type=\"container\">\n\t\t\t\t\t<div class=\"e-con-inner\">\n\t\t\t\t<div class=\"elementor-element elementor-element-3846e0a3 elementor-widget elementor-widget-text-editor\" data-id=\"3846e0a3\" data-element_type=\"widget\" data-widget_type=\"text-editor.default\">\n\t\t\t\t<div class=\"elementor-widget-container\">\n\t\t\t\t\t\t\t\t\t<p>-instruments made in swedish wood<\/p>\t\t\t\t\t\t\t\t<\/div>\n\t\t\t\t<\/div>\n\t\t\t\t\t<\/div>\n\t\t\t\t<\/div>\n\t\t<div class=\"elementor-element elementor-element-20b57724 e-flex e-con-boxed e-con e-parent\" data-id=\"20b57724\" data-element_type=\"container\">\n\t\t\t\t\t<div class=\"e-con-inner\">\n\t\t\t\t<div class=\"elementor-element elementor-element-4ecae6cd elementor-widget elementor-widget-image\" data-id=\"4ecae6cd\" data-element_type=\"widget\" data-widget_type=\"image.default\">\n\t\t\t\t<div class=\"elementor-widget-container\">\n\t\t\t\t\t\t\t\t\t\t\t\t\t\t\t<img fetchpriority=\"high\" decoding=\"async\" width=\"768\" height=\"512\" src=\"https:\/\/www.nordwallinstrument.com\/wp-content\/uploads\/2025\/03\/Nordwall-parbild-mandolin_cittern-02-768x512.jpg\" class=\"attachment-medium_large size-medium_large wp-image-1562\" alt=\"\" srcset=\"https:\/\/www.nordwallinstrument.com\/wp-content\/uploads\/2025\/03\/Nordwall-parbild-mandolin_cittern-02-768x512.jpg 768w, https:\/\/www.nordwallinstrument.com\/wp-content\/uploads\/2025\/03\/Nordwall-parbild-mandolin_cittern-02-300x200.jpg 300w, https:\/\/www.nordwallinstrument.com\/wp-content\/uploads\/2025\/03\/Nordwall-parbild-mandolin_cittern-02-1024x683.jpg 1024w, https:\/\/www.nordwallinstrument.com\/wp-content\/uploads\/2025\/03\/Nordwall-parbild-mandolin_cittern-02-1536x1024.jpg 1536w, https:\/\/www.nordwallinstrument.com\/wp-content\/uploads\/2025\/03\/Nordwall-parbild-mandolin_cittern-02-18x12.jpg 18w, https:\/\/www.nordwallinstrument.com\/wp-content\/uploads\/2025\/03\/Nordwall-parbild-mandolin_cittern-02.jpg 2048w\" sizes=\"(max-width: 768px) 100vw, 768px\" \/>\t\t\t\t\t\t\t\t\t\t\t\t\t\t\t<\/div>\n\t\t\t\t<\/div>\n\t\t\t\t\t<\/div>\n\t\t\t\t<\/div>\n\t\t<div class=\"elementor-element elementor-element-719ee9d7 e-flex e-con-boxed e-con e-parent\" data-id=\"719ee9d7\" data-element_type=\"container\">\n\t\t\t\t\t<div class=\"e-con-inner\">\n\t\t<div class=\"elementor-element elementor-element-51002ca1 e-con-full e-flex e-con e-child\" data-id=\"51002ca1\" data-element_type=\"container\">\n\t\t\t\t<div class=\"elementor-element elementor-element-50cd24c8 elementor-widget elementor-widget-heading\" data-id=\"50cd24c8\" data-element_type=\"widget\" data-widget_type=\"heading.default\">\n\t\t\t\t<div class=\"elementor-widget-container\">\n\t\t\t\t\t<h2 class=\"elementor-heading-title elementor-size-default\">Materials<\/h2>\t\t\t\t<\/div>\n\t\t\t\t<\/div>\n\t\t\t\t<div class=\"elementor-element elementor-element-56aeaaca elementor-widget elementor-widget-text-editor\" data-id=\"56aeaaca\" data-element_type=\"widget\" data-widget_type=\"text-editor.default\">\n\t\t\t\t<div class=\"elementor-widget-container\">\n\t\t\t\t\t\t\t\t\t<ul><li><strong>Top: <\/strong>europian spruce<\/li><li><strong>Sides\/back: <\/strong>swedish alder, elm, ash, birch, oak<\/li><li><strong>Neck: <\/strong>swedish elm, birch<\/li><li><strong>Fretboard: <\/strong>swedish oak<\/li><li><strong>Bridge: <\/strong>swedish elm, birch<\/li><li><strong>Bindings: <\/strong>swedish masur-birch, elm<\/li><li><strong>Tuners: <\/strong>gotoh 510 gold<\/li><li><strong>Varnish:<\/strong> highgloss cellulose lacquer<\/li><li><strong>Case: <\/strong>SKB Hardcase<\/li><\/ul>\t\t\t\t\t\t\t\t<\/div>\n\t\t\t\t<\/div>\n\t\t\t\t<\/div>\n\t\t<div class=\"elementor-element elementor-element-62c9eff5 e-con-full e-flex e-con e-child\" data-id=\"62c9eff5\" data-element_type=\"container\">\n\t\t<div class=\"elementor-element elementor-element-6296c8dd e-con-full e-flex e-con e-child\" data-id=\"6296c8dd\" data-element_type=\"container\">\n\t\t\t\t<div class=\"elementor-element elementor-element-3d4b5c47 elementor-widget elementor-widget-image\" data-id=\"3d4b5c47\" data-element_type=\"widget\" data-widget_type=\"image.default\">\n\t\t\t\t<div class=\"elementor-widget-container\">\n\t\t\t\t\t\t\t\t\t\t\t\t\t\t\t<img decoding=\"async\" width=\"768\" height=\"1151\" src=\"https:\/\/www.nordwallinstrument.com\/wp-content\/uploads\/2025\/03\/Nordwall-parbild-mandolin_cittern-03-768x1151.jpg\" class=\"attachment-medium_large size-medium_large wp-image-1563\" alt=\"\" srcset=\"https:\/\/www.nordwallinstrument.com\/wp-content\/uploads\/2025\/03\/Nordwall-parbild-mandolin_cittern-03-768x1151.jpg 768w, https:\/\/www.nordwallinstrument.com\/wp-content\/uploads\/2025\/03\/Nordwall-parbild-mandolin_cittern-03-200x300.jpg 200w, https:\/\/www.nordwallinstrument.com\/wp-content\/uploads\/2025\/03\/Nordwall-parbild-mandolin_cittern-03-683x1024.jpg 683w, https:\/\/www.nordwallinstrument.com\/wp-content\/uploads\/2025\/03\/Nordwall-parbild-mandolin_cittern-03-1025x1536.jpg 1025w, https:\/\/www.nordwallinstrument.com\/wp-content\/uploads\/2025\/03\/Nordwall-parbild-mandolin_cittern-03-8x12.jpg 8w, https:\/\/www.nordwallinstrument.com\/wp-content\/uploads\/2025\/03\/Nordwall-parbild-mandolin_cittern-03.jpg 1366w\" sizes=\"(max-width: 768px) 100vw, 768px\" \/>\t\t\t\t\t\t\t\t\t\t\t\t\t\t\t<\/div>\n\t\t\t\t<\/div>\n\t\t\t\t<div class=\"elementor-element elementor-element-463d2ff0 elementor-widget elementor-widget-image\" data-id=\"463d2ff0\" data-element_type=\"widget\" data-widget_type=\"image.default\">\n\t\t\t\t<div class=\"elementor-widget-container\">\n\t\t\t\t\t\t\t\t\t\t\t\t\t\t\t<img decoding=\"async\" width=\"1024\" height=\"683\" src=\"https:\/\/www.nordwallinstrument.com\/wp-content\/uploads\/2025\/03\/Nordwall-liten-cittern-detaljbild-06-1-1024x683.jpg\" class=\"attachment-large size-large wp-image-1574\" alt=\"\" srcset=\"https:\/\/www.nordwallinstrument.com\/wp-content\/uploads\/2025\/03\/Nordwall-liten-cittern-detaljbild-06-1-1024x683.jpg 1024w, https:\/\/www.nordwallinstrument.com\/wp-content\/uploads\/2025\/03\/Nordwall-liten-cittern-detaljbild-06-1-300x200.jpg 300w, https:\/\/www.nordwallinstrument.com\/wp-content\/uploads\/2025\/03\/Nordwall-liten-cittern-detaljbild-06-1-768x512.jpg 768w, https:\/\/www.nordwallinstrument.com\/wp-content\/uploads\/2025\/03\/Nordwall-liten-cittern-detaljbild-06-1-1536x1024.jpg 1536w, https:\/\/www.nordwallinstrument.com\/wp-content\/uploads\/2025\/03\/Nordwall-liten-cittern-detaljbild-06-1-18x12.jpg 18w, https:\/\/www.nordwallinstrument.com\/wp-content\/uploads\/2025\/03\/Nordwall-liten-cittern-detaljbild-06-1.jpg 2048w\" sizes=\"(max-width: 1024px) 100vw, 1024px\" \/>\t\t\t\t\t\t\t\t\t\t\t\t\t\t\t<\/div>\n\t\t\t\t<\/div>\n\t\t\t\t<\/div>\n\t\t<div class=\"elementor-element elementor-element-b419d53 e-con-full e-flex e-con e-child\" data-id=\"b419d53\" data-element_type=\"container\">\n\t\t\t\t<\/div>\n\t\t\t\t<\/div>\n\t\t\t\t\t<\/div>\n\t\t\t\t<\/div>\n\t\t<div class=\"elementor-element elementor-element-7333d442 e-flex e-con-boxed e-con e-parent\" data-id=\"7333d442\" data-element_type=\"container\">\n\t\t\t\t\t<div class=\"e-con-inner\">\n\t\t<div class=\"elementor-element elementor-element-611ef1e2 e-con-full e-flex e-con e-child\" data-id=\"611ef1e2\" data-element_type=\"container\">\n\t\t\t\t<div class=\"elementor-element elementor-element-38bd72fc elementor-widget elementor-widget-heading\" data-id=\"38bd72fc\" data-element_type=\"widget\" data-widget_type=\"heading.default\">\n\t\t\t\t<div class=\"elementor-widget-container\">\n\t\t\t\t\t<h2 class=\"elementor-heading-title elementor-size-default\">Prices<\/h2>\t\t\t\t<\/div>\n\t\t\t\t<\/div>\n\t\t\t\t<div class=\"elementor-element elementor-element-298384e1 elementor-widget elementor-widget-text-editor\" data-id=\"298384e1\" data-element_type=\"widget\" data-widget_type=\"text-editor.default\">\n\t\t\t\t<div class=\"elementor-widget-container\">\n\t\t\t\t\t\t\t\t\t<p>Mandolin:<\/p><p><strong>EU: 2.700\u20ac (VAT included) US or outside EU: 2.550$ (VAT\/local taxes NOT included)<\/strong><\/p><p>\u00a0<\/p><p>Mandolin-mandola:<\/p><p><strong>EU: 3.200\u20ac (VAT included) US or outside EU: 3.000$ (VAT\/local taxes NOT included)<\/strong><\/p><p>\u00a0<\/p><p>Citterns &amp; Guitars:<\/p><p><strong>EU: 3.650\u20ac (VAT included) US or outside EU: 3.400$ (VAT\/local taxes NOT included)<\/strong><\/p>\t\t\t\t\t\t\t\t<\/div>\n\t\t\t\t<\/div>\n\t\t\t\t<\/div>\n\t\t<div class=\"elementor-element elementor-element-3e0d898c e-con-full e-flex e-con e-child\" data-id=\"3e0d898c\" data-element_type=\"container\">\n\t\t<div class=\"elementor-element elementor-element-3fc556bc e-con-full e-flex e-con e-child\" data-id=\"3fc556bc\" data-element_type=\"container\">\n\t\t\t\t<div class=\"elementor-element elementor-element-5b9f976b elementor-widget elementor-widget-image\" data-id=\"5b9f976b\" data-element_type=\"widget\" data-widget_type=\"image.default\">\n\t\t\t\t<div class=\"elementor-widget-container\">\n\t\t\t\t\t\t\t\t\t\t\t\t\t\t\t<img loading=\"lazy\" decoding=\"async\" width=\"768\" height=\"512\" src=\"https:\/\/www.nordwallinstrument.com\/wp-content\/uploads\/2025\/03\/Nordwall-200-gitarr-detaljbild-47-768x512.jpg\" class=\"attachment-medium_large size-medium_large wp-image-1557\" alt=\"\" srcset=\"https:\/\/www.nordwallinstrument.com\/wp-content\/uploads\/2025\/03\/Nordwall-200-gitarr-detaljbild-47-768x512.jpg 768w, https:\/\/www.nordwallinstrument.com\/wp-content\/uploads\/2025\/03\/Nordwall-200-gitarr-detaljbild-47-300x200.jpg 300w, https:\/\/www.nordwallinstrument.com\/wp-content\/uploads\/2025\/03\/Nordwall-200-gitarr-detaljbild-47-1024x683.jpg 1024w, https:\/\/www.nordwallinstrument.com\/wp-content\/uploads\/2025\/03\/Nordwall-200-gitarr-detaljbild-47-1536x1024.jpg 1536w, https:\/\/www.nordwallinstrument.com\/wp-content\/uploads\/2025\/03\/Nordwall-200-gitarr-detaljbild-47-18x12.jpg 18w, https:\/\/www.nordwallinstrument.com\/wp-content\/uploads\/2025\/03\/Nordwall-200-gitarr-detaljbild-47.jpg 2048w\" sizes=\"(max-width: 768px) 100vw, 768px\" \/>\t\t\t\t\t\t\t\t\t\t\t\t\t\t\t<\/div>\n\t\t\t\t<\/div>\n\t\t\t\t<\/div>\n\t\t<div class=\"elementor-element elementor-element-3176b5d1 e-con-full e-flex e-con e-child\" data-id=\"3176b5d1\" data-element_type=\"container\">\n\t\t\t\t<\/div>\n\t\t\t\t<\/div>\n\t\t\t\t\t<\/div>\n\t\t\t\t<\/div>\n\t\t\t\t<\/div>","protected":false},"excerpt":{"rendered":"<p>Local wood Serien -instrument byggda i svenska tr\u00e4slag Tr\u00e4slag Lock: europeisk gran Sarg\/botten: svensk al, alm, ask, bj\u00f6rk, ek Hals: svensk alm, bj\u00f6rk Greppbr\u00e4da: svensk ek Stall: svensk alm, bj\u00f6rk Kantlister: svensk masurbj\u00f6rk, alm Mekanik: gotoh 510 guld Ytbehandling: h\u00f6gblank cellulosalack Fodral: SKB Hardcase Priser Mandolin: 30.000:- inkl moms \u00a0 Mandolin-mandola: 35.000:- inkl moms \u00a0 [&hellip;]<\/p>","protected":false},"author":1,"featured_media":0,"parent":0,"menu_order":0,"comment_status":"closed","ping_status":"closed","template":"","meta":{"site-sidebar-layout":"no-sidebar","site-content-layout":"page-builder","ast-site-content-layout":"full-width-container","site-content-style":"default","site-sidebar-style":"default","ast-global-header-display":"","ast-banner-title-visibility":"","ast-main-header-display":"","ast-hfb-above-header-display":"","ast-hfb-below-header-display":"","ast-hfb-mobile-header-display":"","site-post-title":"disabled","ast-breadcrumbs-content":"","ast-featured-img":"disabled","footer-sml-layout":"","theme-transparent-header-meta":"","adv-header-id-meta":"","stick-header-meta":"","header-above-stick-meta":"","header-main-stick-meta":"","header-below-stick-meta":"","astra-migrate-meta-layouts":"set","ast-page-background-enabled":"default","ast-page-background-meta":{"desktop":{"background-color":"","background-image":"","background-repeat":"repeat","background-position":"center center","background-size":"auto","background-attachment":"scroll","background-type":"","background-media":"","overlay-type":"","overlay-color":"","overlay-opacity":"","overlay-gradient":""},"tablet":{"background-color":"","background-image":"","background-repeat":"repeat","background-position":"center center","background-size":"auto","background-attachment":"scroll","background-type":"","background-media":"","overlay-type":"","overlay-color":"","overlay-opacity":"","overlay-gradient":""},"mobile":{"background-color":"","background-image":"","background-repeat":"repeat","background-position":"center center","background-size":"auto","background-attachment":"scroll","background-type":"","background-media":"","overlay-type":"","overlay-color":"","overlay-opacity":"","overlay-gradient":""}},"ast-content-background-meta":{"desktop":{"background-color":"var(--ast-global-color-5)","background-image":"","background-repeat":"repeat","background-position":"center center","background-size":"auto","background-attachment":"scroll","background-type":"","background-media":"","overlay-type":"","overlay-color":"","overlay-opacity":"","overlay-gradient":""},"tablet":{"background-color":"var(--ast-global-color-5)","background-image":"","background-repeat":"repeat","background-position":"center center","background-size":"auto","background-attachment":"scroll","background-type":"","background-media":"","overlay-type":"","overlay-color":"","overlay-opacity":"","overlay-gradient":""},"mobile":{"background-color":"var(--ast-global-color-5)","background-image":"","background-repeat":"repeat","background-position":"center center","background-size":"auto","background-attachment":"scroll","background-type":"","background-media":"","overlay-type":"","overlay-color":"","overlay-opacity":"","overlay-gradient":""}},"footnotes":""},"class_list":["post-1544","page","type-page","status-publish","hentry"],"_links":{"self":[{"href":"https:\/\/www.nordwallinstrument.com\/en\/wp-json\/wp\/v2\/pages\/1544","targetHints":{"allow":["GET"]}}],"collection":[{"href":"https:\/\/www.nordwallinstrument.com\/en\/wp-json\/wp\/v2\/pages"}],"about":[{"href":"https:\/\/www.nordwallinstrument.com\/en\/wp-json\/wp\/v2\/types\/page"}],"author":[{"embeddable":true,"href":"https:\/\/www.nordwallinstrument.com\/en\/wp-json\/wp\/v2\/users\/1"}],"replies":[{"embeddable":true,"href":"https:\/\/www.nordwallinstrument.com\/en\/wp-json\/wp\/v2\/comments?post=1544"}],"version-history":[{"count":23,"href":"https:\/\/www.nordwallinstrument.com\/en\/wp-json\/wp\/v2\/pages\/1544\/revisions"}],"predecessor-version":[{"id":2762,"href":"https:\/\/www.nordwallinstrument.com\/en\/wp-json\/wp\/v2\/pages\/1544\/revisions\/2762"}],"wp:attachment":[{"href":"https:\/\/www.nordwallinstrument.com\/en\/wp-json\/wp\/v2\/media?parent=1544"}],"curies":[{"name":"wp","href":"https:\/\/api.w.org\/{rel}","templated":true}]}}